{"id":428,"date":"2010-06-04T09:39:42","date_gmt":"2010-06-04T07:39:42","guid":{"rendered":"http:\/\/www.horus.cz\/WordPress\/?page_id=428"},"modified":"2012-11-22T15:31:55","modified_gmt":"2012-11-22T13:31:55","slug":"reviews","status":"publish","type":"page","link":"http:\/\/www.horus.cz\/WordPress\/?page_id=428","title":{"rendered":"Reviews"},"content":{"rendered":"<p><strong>HCD 01<\/strong> <a href=\"http:\/\/www.horus.cz\/WordPress\/?p=166\" target=\"_blank\"><strong>V\/A Chaos (CD)<\/strong><\/a><\/p>\n<p><em>Kac\u00ed\u0159ova hrani\u010dka<\/em> (No. 0, 2002 e.v.) \u2192 <a title=\"Recenze z Kac\u00ed\u0159ovy hrani\u010dky No. 0, 2002 e.v.\" href=\"http:\/\/www.horus.cz\/WordPress\/?p=446\" target=\"_self\">\u221e <small>HERE<\/small><\/a><br \/>\n<em>Funprox <\/em>(May 2002) \u2192 <a title=\"A review from Funprox Review (May 2002)\" href=\"http:\/\/www.horus.cz\/WordPress\/?p=453\" target=\"_self\">\u221e <small>HERE<\/small><\/a><br \/>\n<em>Black Magazin<\/em> (Sommer 2002) \u2192 <a title=\"A review from Black Magazin (Sommer 2002)\" href=\"http:\/\/www.horus.cz\/WordPress\/?p=460\" target=\"_self\">\u221e <small>HERE<\/small><\/a><em><br \/>\n<\/em><em>Hard Wired<\/em> (January 2003) \u2192 <a title=\"A review from Hard Wired  (January 2003)\" href=\"http:\/\/www.horus.cz\/WordPress\/?p=437\" target=\"_self\">\u221e <small>HERE<\/small><\/a><\/p>\n<p><strong>HCD 02-2<\/strong> <a href=\"http:\/\/www.horus.cz\/WordPress\/?p=192\" target=\"_self\"><strong>V\/A Lust From The Underworld (2CD)<\/strong><\/a><\/p>\n<p><em>Black Magazin<\/em> (Sommer 2004) \u2192 <a title=\"A review from Black Magazin (Sommer 2004)\" href=\"http:\/\/www.horus.cz\/WordPress\/?p=473\" target=\"_self\">\u221e <small>HERE<\/small><\/a><br \/>\n<em>Okultura<\/em> (srpen 2004) \u2192 <a title=\"Ulehni ke mn\u011b mezi bl\u00edny a asfodely\" href=\"http:\/\/www.okultura.cz\/WordPress\/?p=1945\" target=\"_blank\">\u221e <small>HERE<\/small><\/a><br \/>\n<em>Funprox<\/em> (December 2004) \u2192 <a title=\"Funprox (December 2004)\" href=\"http:\/\/www.horus.cz\/WordPress\/?p=467\" target=\"_self\">\u221e <\/a><small><a title=\"Funprox (December 2004)\" href=\"http:\/\/www.horus.cz\/WordPress\/?p=467\" target=\"_self\">HERE<\/a><br \/>\n<\/small><em>Heathen Harvest<\/em> (August 28, 2005) \u2192 <a title=\"A review from Heathen Harvest (August 28, 2005)\" href=\"http:\/\/www.horus.cz\/WordPress\/?p=476\" target=\"_self\">\u221e <\/a><small><a title=\"A review from Heathen Harvest (August 28, 2005)\" href=\"http:\/\/www.horus.cz\/WordPress\/?p=476\" target=\"_self\">HERE<\/a><br \/>\n<\/small><em>Postindustry<\/em> (March 18, 2007) \u2192 <a title=\"A review from Postindustry (March 18, 2007)\" href=\"http:\/\/www.horus.cz\/WordPress\/?p=479\" target=\"_self\">\u221e <small>HERE<\/small><\/a><\/p>\n<p><strong>HCD 03<\/strong> <a href=\"http:\/\/www.horus.cz\/WordPress\/?p=122\" target=\"_self\"><strong>THIS MORN\u2019 OMINA: Em Sauf Haa-Heru (CD)<\/strong><\/a><\/p>\n<p><em>Last Sigh Review<\/em> (February 2000) \u2192 <a title=\"A review from Last Sigh Review (February 2000)\" href=\"http:\/\/www.horus.cz\/WordPress\/?p=490\" target=\"_self\">\u221e <small>HERE<\/small><\/a><br \/>\n<em>Black Magazin<\/em> (Fruehjahr 2000) \u2192 <a title=\"A review from Black Magazin (Fruehjahr 2000)\" href=\"http:\/\/www.horus.cz\/WordPress\/?p=494\" target=\"_self\">\u221e <small>HERE<\/small><\/a><br \/>\n<em>Judas Kiss<\/em> (issue # 6, August 2000) \u2192 <a title=\"A review from Judas Kiss (issue # 6, August 2000)\" href=\"http:\/\/www.horus.cz\/WordPress\/?p=486\" target=\"_self\">\u221e <small>HERE<\/small><\/a><em><br \/>\n<\/em><small><\/small><\/p>\n<p><strong>HCD 04<\/strong> <strong><a href=\"http:\/\/www.horus.cz\/WordPress\/?p=144\" target=\"_self\">THIS MORN\u2019 OMINA: Taiu (CD)<\/a><\/strong><\/p>\n<p><em>Auf Abwegen Magazin F\u00fcr Musik und Kultur<\/em> (Herbst 2001) \u2192 <a title=\"A review from Auf Abwegen Magazin F\u00fcr Musik und Kultur (Herbst 2001)\" href=\"http:\/\/www.horus.cz\/WordPress\/?p=499\" target=\"_self\">\u221e <\/a><small><a title=\"A review from Auf Abwegen Magazin F\u00fcr Musik und Kultur (Herbst 2001)\" href=\"http:\/\/www.horus.cz\/WordPress\/?p=499\" target=\"_self\">HERE<\/a><br \/>\n<\/small><em>Side-Line Music Magazine <\/em>(August\/September 2001) \u2192 <a href=\"http:\/\/www.horus.cz\/WordPress\/?p=510\" target=\"_self\">\u221e <small>HERE<\/small><\/a><br \/>\n<em>Side-Line Music Magazine <\/em>(October 2001) \u2192 <a title=\"A review from Side-Line Music Magazine (October 2001)\" href=\"http:\/\/www.horus.cz\/WordPress\/?p=502\" target=\"_self\">\u221e <\/a><small><a title=\"A review from Side-Line Music Magazine (October 2001)\" href=\"http:\/\/www.horus.cz\/WordPress\/?p=502\" target=\"_self\">HERE<\/a><br \/>\n<\/small><em>Hard Wired<\/em> (January 2003) \u2192 <a title=\"A review from Hard Wired (January 2003)\" href=\"http:\/\/www.horus.cz\/WordPress\/?p=515\" target=\"_self\">\u221e <small>HERE<\/small><\/a><\/p>\n<p><strong>HCD 05<\/strong> <a href=\"http:\/\/www.horus.cz\/WordPress\/?p=183\" target=\"_self\"><strong>RORICAT: Uki Uki (CD)<\/strong><\/a><\/p>\n<p><em>Black Magazin<\/em> (Fr\u00fcjahr 2003) \u2192 <a title=\"A review from Black Magazin (Fr\u00fcjahr 2003)\" href=\"http:\/\/www.horus.cz\/WordPress\/?p=530\" target=\"_self\">\u221e <small>HERE<\/small><\/a><br \/>\n<em>Rezultaty <\/em>(18 \u0430\u043f\u0440\u0435\u043b\u044f 2003 \u0433.) \u2192 <a title=\"Review from Rezultaty (18 \u0430\u043f\u0440\u0435\u043b\u044f 2003 \u0433.)\" href=\"http:\/\/www.horus.cz\/WordPress\/?p=556\" target=\"_self\">\u221e <small>HERE<\/small><\/a><br \/>\n<em>Funprox Review <\/em>(May 2003) \u2192 <a title=\"A review from Funprox Review (May 2003)\" href=\"http:\/\/www.horus.cz\/WordPress\/?p=525\" target=\"_self\">\u221e <small>HERE<\/small><\/a><br \/>\n<em>Stereo &amp; Video <\/em>(kv\u011bten 2003) \u2192 <a title=\"Recenze ze Stereo &amp; Video (kv\u011bten 2003)\" href=\"http:\/\/www.horus.cz\/WordPress\/?p=534\" target=\"_self\">\u221e <small>HERE<\/small><\/a><br \/>\n<em>Sonic Curiosity <\/em>(May 2004) \u2192 <a title=\"A review from Sonic Curiosity (May 2004)\" href=\"http:\/\/www.horus.cz\/WordPress\/?p=520\" target=\"_self\">\u221e <\/a><small><a title=\"A review from Sonic Curiosity (May 2004)\" href=\"http:\/\/www.horus.cz\/WordPress\/?p=520\" target=\"_self\">HERE<\/a><br \/>\n<\/small><em>Hard Wired<\/em> (July 2003) \u2192 <a title=\"A review from Hard Wired (July 2003)\" href=\"http:\/\/www.horus.cz\/WordPress\/?p=539\" target=\"_self\">\u221e <\/a><small><a title=\"A review from Hard Wired (July 2003)\" href=\"http:\/\/www.horus.cz\/WordPress\/?p=539\" target=\"_self\">HERE<\/a><br \/>\n<\/small><em>FluxEuropa<\/em> (September 4, 2003) \u2192 <a title=\"A review from FluxEuropa (4 September, 2003)\" href=\"http:\/\/www.horus.cz\/WordPress\/?p=543\" target=\"_self\">\u221e <\/a><small><a title=\"A review from FluxEuropa (4 September, 2003)\" href=\"http:\/\/www.horus.cz\/WordPress\/?p=543\" target=\"_self\">HERE<\/a><br \/>\n<\/small><em>Rock &amp; Pop <\/em>(\u0159\u00edjen 2003) \u2192 <a title=\"Recenze z Rock &amp; Pop (\u0159\u00edjen 2003)\" href=\"http:\/\/www.horus.cz\/WordPress\/?p=551\" target=\"_self\">\u221e <\/a><small><a title=\"Recenze z Rock &amp; Pop (\u0159\u00edjen 2003)\" href=\"http:\/\/www.horus.cz\/WordPress\/?p=551\" target=\"_self\">HERE<\/a><br \/>\n<\/small><em>Kultura Industrialna<\/em> \u2192 <a title=\"A review from Kultura Industrialna\" href=\"http:\/\/www.horus.cz\/WordPress\/?p=560\" target=\"_self\">\u221e <small>HERE<\/small><\/a><br \/>\n<em>Ventrilocution Zine <\/em>(March 2005) \u2192 <a title=\"A review from Ventrilocution Zine (March 2005)\" href=\"http:\/\/www.horus.cz\/WordPress\/?p=564\" target=\"_self\">\u221e <small>HERE<\/small><\/a><br \/>\n<em>Gothtronic <\/em>(September 2006) \u2192 <a title=\"A review from Gothtronic (September 2006)\" href=\"http:\/\/www.horus.cz\/WordPress\/?p=569\" target=\"_self\">\u221e <\/a><small><a title=\"A review from Gothtronic (September 2006)\" href=\"http:\/\/www.horus.cz\/WordPress\/?p=569\" target=\"_self\">HERE<\/a><br \/>\n<\/small><em>Evolution of Media <\/em>(Groundhog Day, 2007) \u2192 <a title=\"A review from Evolution of Media (Groundhog Day, 2007)\" href=\"http:\/\/www.horus.cz\/WordPress\/?p=574\" target=\"_self\">\u221e <\/a><small><a title=\"A review from Evolution of Media (Groundhog Day, 2007)\" href=\"http:\/\/www.horus.cz\/WordPress\/?p=574\" target=\"_self\">HERE<\/a><br \/>\n<\/small><em>Postindustry <\/em>(March 18, 2007) \u2192 <a title=\"A review from Postindustry (March 18, 2007)\" href=\"http:\/\/www.horus.cz\/WordPress\/?p=578\" target=\"_self\">\u221e <small>HERE<\/small><\/a><\/p>\n<p><strong>HCD XXXI<\/strong> <a href=\"http:\/\/www.horus.cz\/WordPress\/?p=202\" target=\"_self\"><strong>V\/A AL (2CD)<\/strong><\/a><\/p>\n<p><em>LAShTAL.com<\/em> (July 26, 2005) \u2192 <a title=\"A review from LAShTAL.com (July 26, 2005)\" href=\"http:\/\/www.horus.cz\/WordPress\/?p=584\" target=\"_self\">\u221e <\/a><small><a title=\"A review from LAShTAL.com (July 26, 2005)\" href=\"http:\/\/www.horus.cz\/WordPress\/?p=584\" target=\"_self\">HERE<\/a><br \/>\n<\/small><em>Okultura <\/em>(\u010dervenec 2005) \u2192 <a title=\"Hodie legendus est Liber Legis\u2026\" href=\"http:\/\/www.okultura.cz\/WordPress\/?p=2225\" target=\"_blank\">\u221e <\/a><small><a title=\"Hodie legendus est Liber Legis\u2026\" href=\"http:\/\/www.okultura.cz\/WordPress\/?p=2225\" target=\"_blank\">HERE<\/a><br \/>\n<\/small><em>Funprox <\/em>(July 28th, 2005) \u2192 <a title=\"Funprox (July 28th, 2005)\" href=\"http:\/\/www.horus.cz\/WordPress\/?p=590\" target=\"_self\">\u221e <\/a><small><a title=\"Funprox (July 28th, 2005)\" href=\"http:\/\/www.horus.cz\/WordPress\/?p=590\" target=\"_self\">HERE<\/a><br \/>\n<\/small><em>Mandrake Speaks Newsletter<\/em> (No. 160, 2005) \u2192 <a title=\"A review from Mandrake Speaks Newsletter (No. 160, 2005)\" href=\"http:\/\/www.horus.cz\/WordPress\/?p=594\" target=\"_self\">\u221e <\/a><small><a title=\"A review from Mandrake Speaks Newsletter (No. 160, 2005)\" href=\"http:\/\/www.horus.cz\/WordPress\/?p=594\" target=\"_self\">HERE<\/a><br \/>\n<\/small><em>Heathen Harvest<\/em> (November 16, 2005) \u2192 <a title=\"A review from Heathen Harvest (November 16, 2005)\" href=\"http:\/\/www.horus.cz\/WordPress\/?p=599\" target=\"_self\">\u221e <\/a><small><a title=\"A review from Heathen Harvest (November 16, 2005)\" href=\"http:\/\/www.horus.cz\/WordPress\/?p=599\" target=\"_self\">HERE<\/a><br \/>\n<\/small><em>Maelstrom Zine <\/em>(June, 2006) \u2192 <a title=\"A review from Maelstrom Zine (June, 2006)\" href=\"http:\/\/www.horus.cz\/WordPress\/?p=605\" target=\"_self\">\u221e <small>HERE<\/small><\/a><\/p>\n<p><strong>HCD 06<\/strong> <a href=\"http:\/\/www.horus.cz\/WordPress\/?p=218\" target=\"_self\"><strong>MUSTERION: The Black Lodge (CD)<\/strong><\/a><\/p>\n<p><em>Black Magazin<\/em> (January, 2006) \u2192 <a title=\"A  review from Black Magazin (January, 2006)\" href=\"http:\/\/www.horus.cz\/WordPress\/?p=667\" target=\"_blank\">\u221e <\/a><small><a title=\"A review from Black Magazin (January, 2006)\" href=\"http:\/\/www.horus.cz\/WordPress\/?p=667\" target=\"_self\">HERE<\/a><\/small><br \/>\n<em>Okultura <\/em>(leden 2006) \u2192 <a title=\"Do \u010cern\u00e9ho vigvamu za agentem Cooperem\" href=\"http:\/\/www.okultura.cz\/WordPress\/?p=2261\" target=\"_blank\">\u221e <small>HERE<\/small><\/a><br \/>\n<em>Heathen Harvest<\/em> (February 1, 2006) \u2192 <a title=\"A review from Heathen Harvest (February 1, 2006)\" href=\"http:\/\/www.horus.cz\/WordPress\/?p=611\" target=\"_self\">\u221e <\/a><small><a title=\"A review from Heathen Harvest (February 1, 2006)\" href=\"http:\/\/www.horus.cz\/WordPress\/?p=611\" target=\"_self\">HERE<\/a><br \/>\n<\/small><em>Musical Zone Japan<\/em> (#70, 2006)\u2192 <a title=\"A review from Musical Zone Japan (#70, 2006)\" href=\"http:\/\/www.horus.cz\/WordPress\/?p=622\" target=\"_self\">\u221e <\/a><small><a title=\"A review from Musical Zone Japan (#70, 2006)\" href=\"http:\/\/www.horus.cz\/WordPress\/?p=622\" target=\"_self\">HERE<\/a><br \/>\n<\/small><em>Chain D.L.K. <\/em>(March 2, 2006) \u2192 <a title=\"A review from Chain D.L.K. (March 2, 2006)\" href=\"http:\/\/www.horus.cz\/WordPress\/?p=627\" target=\"_self\">\u221e <\/a><small><a title=\"A review from Chain D.L.K. (March 2, 2006)\" href=\"http:\/\/www.horus.cz\/WordPress\/?p=627\" target=\"_self\">HERE<\/a><br \/>\n<\/small><em>Brokendolls <\/em>(March 17, 2006) \u2192 <a title=\"A review from Brokendolls (March 17, 2006)\" href=\"http:\/\/www.horus.cz\/WordPress\/?p=637\" target=\"_self\">\u221e <\/a><small><a title=\"A review from Brokendolls (March 17, 2006)\" href=\"http:\/\/www.horus.cz\/WordPress\/?p=637\" target=\"_self\">HERE<\/a><br \/>\n<\/small><em>Maelstrom Zine<\/em> (April, 2006) \u2192 <a title=\"A review from Maelstrom Zine (April, 2006)\" href=\"http:\/\/www.horus.cz\/WordPress\/?p=641\" target=\"_self\">\u221e <\/a><small><a title=\"A review from Maelstrom Zine (April, 2006)\" href=\"http:\/\/www.horus.cz\/WordPress\/?p=641\" target=\"_self\">HERE<\/a><br \/>\n<\/small><em>Gothtronic<\/em> (September, 2006) \u2192 <a title=\"A review from Gothtronic (September, 2006)\" href=\"http:\/\/www.horus.cz\/WordPress\/?p=671\" target=\"_blank\">\u221e <\/a><small><a title=\"A review from Gothtronic (September, 2006)\" href=\"http:\/\/www.horus.cz\/WordPress\/?p=671\" target=\"_self\">HERE<\/a><br \/>\n<\/small><em>Spirit of Metal Webzine<\/em> (February 19, 2007) \u2192 <a title=\"A review from Spirit of Metal Webzine (February 19, 2007)\" href=\"http:\/\/www.horus.cz\/WordPress\/?p=676\" target=\"_self\">\u221e <\/a><small><a title=\"A review from Spirit of Metal Webzine (February 19, 2007)\" href=\"http:\/\/www.horus.cz\/WordPress\/?p=676\" target=\"_self\">HERE<\/a><br \/>\n<\/small><em>Postindustry<\/em> (March 18, 2007) \u2192 <a title=\"A review from Postindustry (March 18, 2007)\" href=\"http:\/\/www.horus.cz\/WordPress\/?p=681\" target=\"_self\">\u221e <small>HERE<\/small><\/a><\/p>\n<p><strong>HCD 07<\/strong> <a href=\"http:\/\/www.horus.cz\/WordPress\/?p=230\" target=\"_self\"><strong>K. MEIZTER: Travelling Light (CD)<\/strong><\/a><\/p>\n<p><em>Okultura <\/em>(z\u00e1\u0159\u00ed 2006) \u2192 <a title=\"Filigr\u00e1nsk\u00e9 h\u00e1jemstv\u00ed temn\u00e9 elektroniky\" href=\"http:\/\/www.okultura.cz\/WordPress\/?p=2812\" target=\"_blank\">\u221e <small>HERE<\/small><\/a><em><br \/>\n<\/em><\/p>\n<p><strong>HCD 08<\/strong> <strong><a href=\"..\/?p=247\" target=\"_self\">OSSASERPIA: Music For Solve et Coagula (CD)<\/a><\/strong><\/p>\n<p><strong>HCD 09<\/strong> <strong><a href=\"http:\/\/www.horus.cz\/WordPress\/?p=259\" rel=\"bookmark\" target=\"_self\">CHAOTICUM: [Psycho] Log: Y (CD)<\/a><\/strong><\/p>\n<p><strong>HCD 10<\/strong> <strong><a href=\"http:\/\/www.horus.cz\/WordPress\/?p=270\" target=\"_self\">SILENCE &amp; STRENGTH: Das Haus Zur Letzten Latern \u2013 A Tribute To Gustav Meyrink (CD)<\/a><\/strong><\/p>\n<p><em>Kinda Muzik<\/em> (July 2, 2009)\u00a0\u2192 <a title=\"Kinda Muzik (July 2, 2009)\" href=\"http:\/\/www.horus.cz\/WordPress\/?p=1195\" target=\"_blank\">\u221e\u00a0<small>HERE<\/small><\/a><\/p>\n<p><strong>HCD XI<\/strong> <strong><a href=\"http:\/\/www.horus.cz\/WordPress\/?p=280\" target=\"_self\">MUSTERION: The Wondrous Journey Through The Catacombs Of Life (CD)<br \/>\n<\/a><\/strong><\/p>\n<p><strong>HCD 12<\/strong>\u00a0<strong><a href=\"http:\/\/www.horus.cz\/WordPress\/?p=78\" target=\"_blank\">COPH\u2019ANTAE TRYR: Research Chronicles 2007-2009 (2CD)<br \/>\n<\/a><\/strong><\/p>\n<p><em>Heathen Harvest<\/em>\u00a0(November 13, 2011) \u2192\u00a0<a href=\"http:\/\/www.horus.cz\/WordPress\/?p=1306\" target=\"_blank\">\u221e\u00a0<small>HERE<br \/>\n<\/small><\/a><em>Black Magazin<\/em>\u00a0(December 7, 2011) \u2192\u00a0<a href=\"http:\/\/www.horus.cz\/WordPress\/?p=1332\" target=\"_blank\">\u221e\u00a0<small>HERE<\/small><\/a><br \/>\n<em>Wounds of the Earth<\/em> (<a href=\"http:\/\/woundsoftheearth.blogspot.com\/2012\/11\/wounds-of-earth-issue-1.html\" target=\"_blank\">Issue 1<\/a>, Winter 2012) \u2192\u00a0<a href=\"http:\/\/www.horus.cz\/WordPress\/?p=1831\" target=\"_blank\">\u221e\u00a0<small>HERE<\/small><\/a><\/p>\n<p>&nbsp;<\/p>\n<p>&nbsp;<\/p>\n<div id=\"_mcePaste\" style=\"position: absolute; left: -10000px; top: 10px; width: 1px; height: 1px; overflow: hidden;\">\n<p>&nbsp;<\/p>\n<p>HCD 03<\/p>\n<\/div>\n","protected":false},"excerpt":{"rendered":"<p>HCD 01 V\/A Chaos (CD) Kac\u00ed\u0159ova hrani\u010dka (No. 0, 2002 e.v.) \u2192 \u221e HERE Funprox (May 2002) \u2192 \u221e HERE Black Magazin (Sommer 2002) \u2192 \u221e HERE Hard Wired (January 2003) \u2192 \u221e HERE HCD 02-2 V\/A Lust From The Underworld (2CD) Black Magazin (Sommer 2004) \u2192 \u221e HERE Okultura (srpen 2004) \u2192 \u221e HERE [&hellip;]<\/p>\n","protected":false},"author":1,"featured_media":0,"parent":413,"menu_order":0,"comment_status":"closed","ping_status":"closed","template":"","meta":{"footnotes":""},"class_list":["post-428","page","type-page","status-publish","hentry"],"_links":{"self":[{"href":"http:\/\/www.horus.cz\/WordPress\/index.php?rest_route=\/wp\/v2\/pages\/428","targetHints":{"allow":["GET"]}}],"collection":[{"href":"http:\/\/www.horus.cz\/WordPress\/index.php?rest_route=\/wp\/v2\/pages"}],"about":[{"href":"http:\/\/www.horus.cz\/WordPress\/index.php?rest_route=\/wp\/v2\/types\/page"}],"author":[{"embeddable":true,"href":"http:\/\/www.horus.cz\/WordPress\/index.php?rest_route=\/wp\/v2\/users\/1"}],"replies":[{"embeddable":true,"href":"http:\/\/www.horus.cz\/WordPress\/index.php?rest_route=%2Fwp%2Fv2%2Fcomments&post=428"}],"version-history":[{"count":0,"href":"http:\/\/www.horus.cz\/WordPress\/index.php?rest_route=\/wp\/v2\/pages\/428\/revisions"}],"up":[{"embeddable":true,"href":"http:\/\/www.horus.cz\/WordPress\/index.php?rest_route=\/wp\/v2\/pages\/413"}],"wp:attachment":[{"href":"http:\/\/www.horus.cz\/WordPress\/index.php?rest_route=%2Fwp%2Fv2%2Fmedia&parent=428"}],"curies":[{"name":"wp","href":"https:\/\/api.w.org\/{rel}","templated":true}]}}