{"id":6,"date":"2010-08-04T03:40:41","date_gmt":"2010-08-04T01:40:41","guid":{"rendered":"http:\/\/www.horus.cz\/WProclamatio\/?page_id=6"},"modified":"2024-10-16T07:00:18","modified_gmt":"2024-10-16T06:00:18","slug":"prednasky-z-minulych-let","status":"publish","type":"page","link":"http:\/\/www.horus.cz\/WProclamatio\/prednasky-z-minulych-let\/","title":{"rendered":"P\u0159edn\u00e1\u0161ky z let minul\u00fdch"},"content":{"rendered":"<ul>\n<li><a href=\"http:\/\/www.horus.cz\/WProclamatio\/category\/http-www-horus-cz-wproclamatio-category-jamu-ii-2023-2024\/\">JAMU II-2023\/2024<\/a><\/li>\n<li><a href=\"http:\/\/www.horus.cz\/WProclamatio\/category\/jamu-i-2022-2023\/\">JAMU I-2022\/2023<\/a><\/li>\n<li><a href=\"http:\/\/www.horus.cz\/WProclamatio\/category\/jamu-ii-2022-2023\/\">JAMU II-2022\/2023<\/a><\/li>\n<li><a href=\"http:\/\/www.horus.cz\/WProclamatio\/category\/jamu-i-2021-2022\/\">JAMU I-2021\/2022<\/a><\/li>\n<li><a href=\"http:\/\/www.horus.cz\/WProclamatio\/category\/jamu-ii-2021-2022\/\">JAMU II-2021\/2022<\/a><\/li>\n<li><a href=\"http:\/\/www.horus.cz\/WProclamatio\/?cat=798\">JAMU I-2020\/2021<\/a><\/li>\n<li><a href=\"http:\/\/www.horus.cz\/WProclamatio\/?cat=799\">JAMU II-2020\/2021<\/a><\/li>\n<li><a href=\"http:\/\/www.horus.cz\/WProclamatio\/?cat=796\">JAMU I-2019\/2020<\/a><\/li>\n<li><a href=\"http:\/\/www.horus.cz\/WProclamatio\/?cat=797\">JAMU II-2019\/2020<\/a><\/li>\n<li id=\"menu-item-2075\" class=\"menu-item menu-item-type-taxonomy menu-item-object-category menu-item-2075\"><a href=\"http:\/\/www.horus.cz\/WProclamatio\/?cat=749\">JAMU I-2017\/2018<\/a><\/li>\n<li id=\"menu-item-2072\" class=\"menu-item menu-item-type-taxonomy menu-item-object-category menu-item-2072\"><a href=\"http:\/\/www.horus.cz\/WProclamatio\/?cat=748\">JAMU II-2017\/2018<\/a><\/li>\n<li><a href=\"http:\/\/www.horus.cz\/WProclamatio\/?cat=739\">JAMU 2017: Symbolika<\/a><\/li>\n<li><a class=\"row-title\" href=\"http:\/\/www.horus.cz\/WProclamatio\/?cat=680\">JAMU 2016\/2017: Kr\u00e1l a \u0159e\u010d<\/a><\/li>\n<li><a class=\"row-title\" href=\"http:\/\/www.horus.cz\/WProclamatio\/?cat=679\">JAMU 2016\/2017: Stvo\u0159en\u00ed sv\u011bta<\/a><\/li>\n<li><a href=\"http:\/\/www.horus.cz\/WProclamatio\/?cat=563\" target=\"_blank\" rel=\"noopener noreferrer\">JAMU Kouzeln\u00e1 fl\u00e9tna 2015-2016<\/a><\/li>\n<li><a href=\"http:\/\/www.horus.cz\/WProclamatio\/?cat=562\" target=\"_blank\" rel=\"noopener noreferrer\">JAMU Poh\u00e1dky 2015-2016<\/a><\/li>\n<li><a href=\"http:\/\/www.horus.cz\/WProclamatio\/?cat=361\">Kreativn\u00ed my\u0161len\u00ed 2014\/2015<\/a><\/li>\n<li><a href=\"http:\/\/www.horus.cz\/WProclamatio\/?cat=342\">Kreativn\u00ed my\u0161len\u00ed 2013\/2014<\/a><\/li>\n<li><a href=\"http:\/\/www.horus.cz\/WProclamatio\/?cat=190\">Kreativn\u00ed my\u0161len\u00ed 2012\/2013<\/a><\/li>\n<li><a href=\"http:\/\/www.horus.cz\/WProclamatio\/?cat=157\">Kreativn\u00ed my\u0161len\u00ed 2011\/2012<\/a><\/li>\n<li><a href=\"http:\/\/www.horus.cz\/WProclamatio\/?cat=3\">Kreativn\u00ed my\u0161len\u00ed 2010\/2011<\/a><\/li>\n<li><a href=\"http:\/\/www.horus.cz\/proclamatio\/\" target=\"_blank\" rel=\"noopener noreferrer\">Kreativn\u00ed my\u0161len\u00ed 2009\/2010<\/a><\/li>\n<li><a href=\"http:\/\/www.horus.cz\/proclamatio\/index8_9.htm\" target=\"_blank\" rel=\"noopener noreferrer\">Kreativn\u00ed my\u0161len\u00ed 2008\/2009<\/a><\/li>\n<li><a href=\"http:\/\/www.horus.cz\/proclamatio\/index7_8.htm\" target=\"_blank\" rel=\"noopener noreferrer\">Kreativn\u00ed my\u0161len\u00ed 2007\/2008<\/a><\/li>\n<li><a href=\"http:\/\/www.horus.cz\/proclamatio\/index6_7.htm\" target=\"_blank\" rel=\"noopener noreferrer\">Kreativn\u00ed my\u0161len\u00ed 2006\/2007<\/a><\/li>\n<li><a href=\"http:\/\/www.horus.cz\/proclamatio\/index5_6.htm\" target=\"_blank\" rel=\"noopener noreferrer\">Kreativn\u00ed my\u0161len\u00ed 2005\/2006<\/a><\/li>\n<\/ul>\n","protected":false},"excerpt":{"rendered":"<p>JAMU II-2023\/2024 JAMU I-2022\/2023 JAMU II-2022\/2023 JAMU I-2021\/2022 JAMU II-2021\/2022 JAMU I-2020\/2021 JAMU II-2020\/2021 JAMU I-2019\/2020 JAMU&#8230;<\/p>\n","protected":false},"author":1,"featured_media":0,"parent":0,"menu_order":1,"comment_status":"closed","ping_status":"closed","template":"","meta":{"footnotes":""},"class_list":["post-6","page","type-page","status-publish","hentry"],"_links":{"self":[{"href":"http:\/\/www.horus.cz\/WProclamatio\/wp-json\/wp\/v2\/pages\/6","targetHints":{"allow":["GET"]}}],"collection":[{"href":"http:\/\/www.horus.cz\/WProclamatio\/wp-json\/wp\/v2\/pages"}],"about":[{"href":"http:\/\/www.horus.cz\/WProclamatio\/wp-json\/wp\/v2\/types\/page"}],"author":[{"embeddable":true,"href":"http:\/\/www.horus.cz\/WProclamatio\/wp-json\/wp\/v2\/users\/1"}],"replies":[{"embeddable":true,"href":"http:\/\/www.horus.cz\/WProclamatio\/wp-json\/wp\/v2\/comments?post=6"}],"version-history":[{"count":3,"href":"http:\/\/www.horus.cz\/WProclamatio\/wp-json\/wp\/v2\/pages\/6\/revisions"}],"predecessor-version":[{"id":3766,"href":"http:\/\/www.horus.cz\/WProclamatio\/wp-json\/wp\/v2\/pages\/6\/revisions\/3766"}],"wp:attachment":[{"href":"http:\/\/www.horus.cz\/WProclamatio\/wp-json\/wp\/v2\/media?parent=6"}],"curies":[{"name":"wp","href":"https:\/\/api.w.org\/{rel}","templated":true}]}}