{"id":3768,"date":"2024-10-16T07:49:11","date_gmt":"2024-10-16T06:49:11","guid":{"rendered":"http:\/\/www.horus.cz\/WProclamatio\/?page_id=3768"},"modified":"2025-02-17T21:44:29","modified_gmt":"2025-02-17T20:44:29","slug":"2024-25","status":"publish","type":"page","link":"http:\/\/www.horus.cz\/WProclamatio\/","title":{"rendered":"2024\/25"},"content":{"rendered":"<ul>\n<li><a href=\"http:\/\/www.horus.cz\/WProclamatio\/category\/http-www-horus-cz-wproclamatio-category-jamu-i-2024-2025\/\">JAMU I-2024\/2025<\/a><\/li>\n<\/ul>\n<h3><\/h3>\n<h3 style=\"text-align: center;\">Symbolika<\/h3>\n<p><a href=\"http:\/\/www.horus.cz\/WProclamatio\/wp-content\/uploads\/Artu\u0161-Scheiner-Vodn\u00ed-v\u00edla.jpg\"><img loading=\"lazy\" decoding=\"async\" class=\"aligncenter wp-image-2427 size-full\" src=\"http:\/\/www.horus.cz\/WProclamatio\/wp-content\/uploads\/Artu\u0161-Scheiner-Vodn\u00ed-v\u00edla.jpg\" alt=\"\" width=\"1012\" height=\"984\" srcset=\"http:\/\/www.horus.cz\/WProclamatio\/wp-content\/uploads\/Artu\u0161-Scheiner-Vodn\u00ed-v\u00edla.jpg 1012w, http:\/\/www.horus.cz\/WProclamatio\/wp-content\/uploads\/Artu\u0161-Scheiner-Vodn\u00ed-v\u00edla-300x292.jpg 300w, http:\/\/www.horus.cz\/WProclamatio\/wp-content\/uploads\/Artu\u0161-Scheiner-Vodn\u00ed-v\u00edla-768x747.jpg 768w, http:\/\/www.horus.cz\/WProclamatio\/wp-content\/uploads\/Artu\u0161-Scheiner-Vodn\u00ed-v\u00edla-38x38.jpg 38w\" sizes=\"auto, (max-width: 1012px) 100vw, 1012px\" \/><\/a><\/p>\n<p>&nbsp;<\/p>\n<p><strong>T\u00e9mata v\u0161eobecn\u00e1:<\/strong><\/p>\n<ul>\n<li><a href=\"http:\/\/www.horus.cz\/WProclamatio\/rusalka\/\"><em>Rusalka<\/em><\/a><\/li>\n<\/ul>\n<p><a href=\"http:\/\/www.horus.cz\/WProclamatio\/wp-content\/uploads\/paul-hey-the-ugly-duckling-at-home-with-the-old-woman-and-her-other-beasts.jpg\"><img loading=\"lazy\" decoding=\"async\" class=\"aligncenter size-full wp-image-3770\" src=\"http:\/\/www.horus.cz\/WProclamatio\/wp-content\/uploads\/paul-hey-the-ugly-duckling-at-home-with-the-old-woman-and-her-other-beasts.jpg\" alt=\"\" width=\"367\" height=\"550\" srcset=\"http:\/\/www.horus.cz\/WProclamatio\/wp-content\/uploads\/paul-hey-the-ugly-duckling-at-home-with-the-old-woman-and-her-other-beasts.jpg 367w, http:\/\/www.horus.cz\/WProclamatio\/wp-content\/uploads\/paul-hey-the-ugly-duckling-at-home-with-the-old-woman-and-her-other-beasts-200x300.jpg 200w\" sizes=\"auto, (max-width: 367px) 100vw, 367px\" \/><\/a><\/p>\n<ul>\n<li>Symbolika poh\u00e1dek (<a href=\"http:\/\/www.horus.cz\/WProclamatio\/prednasky-zimni-semestr-4\/\"><em>O\u0161kliv\u00e9 k\u00e1\u010d\u00e1tko<\/em><\/a>)<\/li>\n<\/ul>\n<p>&nbsp;<\/p>\n<p><a href=\"http:\/\/www.horus.cz\/WProclamatio\/wp-content\/uploads\/Chaemera.jpg\"><img loading=\"lazy\" decoding=\"async\" class=\"aligncenter size-full wp-image-3648\" src=\"http:\/\/www.horus.cz\/WProclamatio\/wp-content\/uploads\/Chaemera.jpg\" alt=\"\" width=\"415\" height=\"500\" srcset=\"http:\/\/www.horus.cz\/WProclamatio\/wp-content\/uploads\/Chaemera.jpg 415w, http:\/\/www.horus.cz\/WProclamatio\/wp-content\/uploads\/Chaemera-249x300.jpg 249w\" sizes=\"auto, (max-width: 415px) 100vw, 415px\" \/><\/a><\/p>\n<p><strong>T\u00e9mata individu\u00e1ln\u00ed:<\/strong><\/p>\n<ul>\n<li>Sebeidentita, smrt (<em>Kate\u0159ina \u00bbAsh\u00ab P\u0159ib\u00e1\u0148ov\u00e1<\/em>)<\/li>\n<li>Symbolika sn\u016f <em>(Kate\u0159ina Gorolov\u00e1)<\/em><\/li>\n<li>Svatba, sebe\u00facta <em>(\u0160\u00e1rka \u0160ev\u010d\u00edkov\u00e1)<\/em><\/li>\n<li>Lid\u00e9, kmen, komunita <em>(Tamara \u017dilav\u00e1)<\/em><\/li>\n<li>Peklo, temn\u00e1 str\u00e1nka, probl\u00e9m zla (<em>Vendula \u00bbVendy\u00ab Kl\u00edmov\u00e1<\/em>)<\/li>\n<li>Monogamie, endogamie, exogamie <em>(Aneta H\u00e1jkov\u00e1)<\/em><\/li>\n<\/ul>\n<p>\u03c8 <a href=\"http:\/\/www.horus.cz\/WProclamatio\/temata-individualni\/\">\u2192<\/a><\/p>\n","protected":false},"excerpt":{"rendered":"<p>JAMU I-2024\/2025 Symbolika &nbsp; T\u00e9mata v\u0161eobecn\u00e1: Rusalka Symbolika poh\u00e1dek (O\u0161kliv\u00e9 k\u00e1\u010d\u00e1tko) &nbsp; T\u00e9mata individu\u00e1ln\u00ed: Sebeidentita, smrt (Kate\u0159ina&#8230;<\/p>\n","protected":false},"author":1,"featured_media":0,"parent":0,"menu_order":0,"comment_status":"closed","ping_status":"closed","template":"","meta":{"footnotes":""},"class_list":["post-3768","page","type-page","status-publish","hentry"],"_links":{"self":[{"href":"http:\/\/www.horus.cz\/WProclamatio\/wp-json\/wp\/v2\/pages\/3768","targetHints":{"allow":["GET"]}}],"collection":[{"href":"http:\/\/www.horus.cz\/WProclamatio\/wp-json\/wp\/v2\/pages"}],"about":[{"href":"http:\/\/www.horus.cz\/WProclamatio\/wp-json\/wp\/v2\/types\/page"}],"author":[{"embeddable":true,"href":"http:\/\/www.horus.cz\/WProclamatio\/wp-json\/wp\/v2\/users\/1"}],"replies":[{"embeddable":true,"href":"http:\/\/www.horus.cz\/WProclamatio\/wp-json\/wp\/v2\/comments?post=3768"}],"version-history":[{"count":2,"href":"http:\/\/www.horus.cz\/WProclamatio\/wp-json\/wp\/v2\/pages\/3768\/revisions"}],"predecessor-version":[{"id":3856,"href":"http:\/\/www.horus.cz\/WProclamatio\/wp-json\/wp\/v2\/pages\/3768\/revisions\/3856"}],"wp:attachment":[{"href":"http:\/\/www.horus.cz\/WProclamatio\/wp-json\/wp\/v2\/media?parent=3768"}],"curies":[{"name":"wp","href":"https:\/\/api.w.org\/{rel}","templated":true}]}}